{"id":4723,"date":"2022-10-25T18:22:34","date_gmt":"2022-10-25T16:22:34","guid":{"rendered":"https:\/\/www.ciclesfp.cat\/?page_id=4723"},"modified":"2022-10-25T18:25:57","modified_gmt":"2022-10-25T16:25:57","slug":"politica-de-privacitat-web","status":"publish","type":"page","link":"https:\/\/www.ciclesfp.cat\/ca\/politica-de-privacitat-web\/","title":{"rendered":"Pol\u00edtica de PrivaciTAT Web"},"content":{"rendered":"\t\t<div data-elementor-type=\"wp-page\" data-elementor-id=\"4723\" class=\"elementor elementor-4723\" data-elementor-post-type=\"page\">\n\t\t\t\t\t\t<section class=\"elementor-section elementor-top-section elementor-element elementor-element-5ed9eaec elementor-section-boxed elementor-section-height-default elementor-section-height-default parallax_section_no qode_elementor_container_no\" data-id=\"5ed9eaec\" data-element_type=\"section\">\n\t\t\t\t\t\t<div class=\"elementor-container elementor-column-gap-default\">\n\t\t\t\t\t<div class=\"elementor-column elementor-col-100 elementor-top-column elementor-element elementor-element-25041c8a\" data-id=\"25041c8a\" data-element_type=\"column\">\n\t\t\t<div class=\"elementor-widget-wrap elementor-element-populated\">\n\t\t\t\t\t\t<div class=\"elementor-element elementor-element-53a75e2 elementor-widget elementor-widget-heading\" data-id=\"53a75e2\" data-element_type=\"widget\" data-widget_type=\"heading.default\">\n\t\t\t\t<div class=\"elementor-widget-container\">\n\t\t\t<h2 class=\"elementor-heading-title elementor-size-default\">Pol\u00edtica de PrivaciTAT Web<\/h2>\t\t<\/div>\n\t\t\t\t<\/div>\n\t\t\t\t<div class=\"elementor-element elementor-element-3a9a6333 elementor-widget elementor-widget-text-editor\" data-id=\"3a9a6333\" data-element_type=\"widget\" data-widget_type=\"text-editor.default\">\n\t\t\t\t<div class=\"elementor-widget-container\">\n\t\t\t\t\t\t\t<p><!-- wp:paragraph --><\/p>\n<p><strong>Responsable del Tractament<\/strong><br \/>L\u2019empresa responsable del tractament de les seves dades en virtut d\u2019aquesta Pol\u00edtica de privacitat \u00e9s:<br \/><br \/>Institut Jaume Mim\u00f3<\/p>\n<p><!-- \/wp:paragraph --><\/p>\n<p><!-- wp:paragraph --><\/p>\n<p>NIF: Q5855396G<\/p>\n<p><!-- \/wp:paragraph --><\/p>\n<p><!-- wp:paragraph --><\/p>\n<p>Domicili: C\/ Serra dels Galliners, s\/n, Cerdanyola del Vall\u00e8s, 08290<br \/>Direcci\u00f3 de correu electr\u00f2nic: a8044715@xtec.cat<br \/>Web: www.ciclesfp.cat<br \/>Tel\u00e8fon: 93 580 39 94<br \/><br \/>En INSTITUT JAUME MIM\u00d3, reconeixem la import\u00e0ncia de protegir la seva informaci\u00f3 personal i estem compromesos a tractar-la amb responsabilitat i de conformitat amb les lleis de protecci\u00f3 de dades.<br \/><br \/>La present pol\u00edtica de privacitat pret\u00e9n regular tots els aspectes relatius al tractament de dades dels diferents usuaris que naveguen o faciliten les seves a trav\u00e9s dels diferents formularis situats en la web.<br \/><br \/><strong>Dades Personals<\/strong><\/p>\n<p><!-- \/wp:paragraph --><\/p>\n<p><!-- wp:paragraph --><\/p>\n<p>Una dada personal, \u00e9s la informaci\u00f3 que l\u2019identifica o el fa identificable. A trav\u00e9s de la web, en les caselles establertes a tal efecte recollim les dades personals que l\u2019usuari ens comunica: Nom, cognoms, correu electr\u00f2nic, tel\u00e8fon, direcci\u00f3 postal, poblaci\u00f3, etc.aix\u00ed com totes aquelles dades que volunt\u00e0riament ens proporcioni a trav\u00e9s de qualsevol de les xarxes socials de les quals l\u2019usuari est\u00e0 registrat. En aquest cas, la privacitat dependr\u00e0 de la configuraci\u00f3 establerta pel mateix usuari aix\u00ed com dels termes i condicions de la pr\u00f2pia xarxa social.<br \/><br \/>La visita de l\u2019usuari a la web no implica que hagi de facilitar cap informaci\u00f3 sobre les seves dades personals. No obstant aix\u00f2, en cas de facilitar-les, les dades seran tractades de forma l\u00edcita de conformitat en tot moment als principis i drets recollits en el RGPD 2016\/679 de 26 d\u2019abril i la LOPDGDD 3\/2018 del 5 de desembre.<br \/><br \/><\/p>\n<p><!-- \/wp:paragraph --><\/p>\n<p><!-- wp:paragraph --><\/p>\n<p><strong>Finalitat, duraci\u00f3 i legitimaci\u00f3 del tractament<\/strong><br \/>Les dades que l\u2019usuari ens proporcioni les tractarem amb les seg\u00fcents finalitats:<\/p>\n<p><!-- \/wp:paragraph --><\/p>\n<p><!-- wp:list --><\/p>\n<ul>\n<li>Atendre la sol\u00b7licitud o petici\u00f3 realitzada per l\u2019usuari a trav\u00e9s del <strong>formulari de contacte<\/strong> situat a la web. Recollim i tractem les dades personals de l\u2019usuari per poder tramitar i gestionar la seva sol\u00b7licitud, una consulta o qualsevol petici\u00f3 que realitza a trav\u00e9s del formulari. Aquestes dades les conservem durant el temps necessari per complir la seva petici\u00f3 i durant el temps establert per la llei amb una duraci\u00f3 m\u00ednima de 3 anys.<\/li>\n<\/ul>\n<p><!-- \/wp:list --><\/p>\n<p><!-- wp:paragraph --><\/p>\n<p>La base de legitimaci\u00f3 del tractament de les dades ser\u00e0 el consentiment que atorga l\u2019usuari en seleccionar la casella d\u2019acceptaci\u00f3 de la nostra pol\u00edtica de privacitat abans d\u2019enviar la petici\u00f3. L\u2019usuari t\u00e9 dret a revocar el seu consentiment en qualsevol moment sense que aix\u00f2 afecti la licitud del tractament basat en el consentiment previ a la seva retirada.<\/p>\n<p><!-- \/wp:paragraph --><\/p>\n<p><!-- wp:list --><\/p>\n<ul>\n<li>Millorar la seva experi\u00e8ncia en navegar per la web. Aquestes dades els conservarem mentre l\u2019usuari no revoqui el seu consentiment al tractament d\u2019aquestes eliminant les cookies i durant el temps establert per la llei amb una durada m\u00ednima de 3 anys.<\/li>\n<\/ul>\n<p><!-- \/wp:list --><\/p>\n<p><!-- wp:paragraph --><\/p>\n<p>La base de legitimaci\u00f3 per a millorar la seva experi\u00e8ncia en navegar per la web \u00e9s el consentiment que atorga l\u2019usuari en acceptar les cookies. L\u2019usuari t\u00e9 dret a revocar el seu consentiment en qualsevol moment sense que aix\u00f2 afecti la licitud del tractament basat en el consentiment previ a la seva retirada.<\/p>\n<p><!-- \/wp:paragraph --><\/p>\n<p><!-- wp:paragraph --><\/p>\n<p><strong>Cessi\u00f3 o comunicaci\u00f3 de dades personals i transfer\u00e8ncies internacionals\u00a0<\/strong>Les seves dades no es comunicaran ni seran cedides a tercers tret que existeixi alguna obligaci\u00f3 legal o a aquells prestadors vinculats al Responsable que actuen com a encarregats del tractament.<br \/>No es realitzen transfer\u00e8ncies internacionals, en cas qu\u00e8 en algun moment poguessin realitzar-se, se li comunicaria a fi d\u2019obtenir el seu consentiment.<br \/><br \/><\/p>\n<p><!-- \/wp:paragraph --><\/p>\n<p><!-- wp:paragraph --><\/p>\n<p><strong>Actualitzaci\u00f3 de dades<\/strong><br \/>\u00c9s important que perqu\u00e8 puguem mantenir les dades personals actualitzades, l\u2019usuari ens informi sempre que hi hagi hagut alguna modificaci\u00f3 en aquestes, en cas contrari, no responem de la veracitat d\u2019aquestes.<br \/>L\u2019usuari garanteix que les dades personals facilitades s\u00f3n veraces garantint que tota la informaci\u00f3 facilitada correspon amb la situaci\u00f3 real, que est\u00e0 posada al dia i \u00e9s exacta, quedant obligat a comunicar qualsevol modificaci\u00f3.<br \/><br \/><\/p>\n<p><!-- \/wp:paragraph --><\/p>\n<p><!-- wp:paragraph --><\/p>\n<p><strong>Dades de Tercers<\/strong><br \/>Si l\u2019usuari facilita dades de terceres persones per a qualsevol finalitat a INSTITUT JAUME MIM\u00d3, garanteix que ha obtingut aquestes dades de forma l\u00edcita, que ha informat pr\u00e8viament els afectats, obtenint el seu consentiment per a comunicar-les i que la informaci\u00f3 facilitada \u00e9s exacta i vera\u00e7.<br \/><br \/><\/p>\n<p><!-- \/wp:paragraph --><\/p>\n<p><!-- wp:paragraph --><\/p>\n<p><strong>Car\u00e0cter obligatori de la informaci\u00f3 sol\u00b7licitada<\/strong><br \/>Tots els nostres formularis compten amb un asterisc (*) en les dades obligat\u00f2ries. Si l\u2019usuari no omple aquests camps, o no marca la casella d\u2019acceptaci\u00f3 de la pol\u00edtica de privacitat, no es permetr\u00e0 l\u2019enviament de la informaci\u00f3.<br \/><br \/><\/p>\n<p><!-- \/wp:paragraph --><\/p>\n<p><!-- wp:paragraph --><\/p>\n<p><strong>Drets dels interessats<\/strong><br \/>T\u00e9 dret a accedir a les seves dades i a obtenir confirmaci\u00f3 sobre el seu tractament, aix\u00ed com una c\u00f2pia de les dades personals objecte de tractament. T\u00e9 dret a actualitzar-les i a sol\u00b7licitar la rectificaci\u00f3 de les dades que siguin inexactes o sol\u00b7licitar la supressi\u00f3 quan les dades no siguin necess\u00e0ries per a les finalitats per les quals van ser recaptades. Pot sol\u00b7licitar la limitaci\u00f3 en el tractament de les seves dades i oposar-se al tractament d\u2019aquestes revocant el seu consentiment, aix\u00ed com exercir el dret a la portabilitat de les dades. De la mateixa manera, t\u00e9 dret a no ser objecte de decisions basades \u00fanicament en el tractament automatitzat de les seves dades personals. Pot exercir els seus drets contactant amb nosaltres C\/ Serra dels Galliners, s\/n, Cerdanyola del Vall\u00e8s, 08290. Direcci\u00f3 de correu electr\u00f2nic: a8044715@xtec.cat<\/p>\n<p><!-- \/wp:paragraph --><\/p>\n<p><!-- wp:paragraph --><\/p>\n<p>Si considera que els seus drets no s\u2019han at\u00e8s degudament, t\u00e9 dret a presentar una reclamaci\u00f3 davant l\u2019autoritat de control a www.aepd.es<br \/><br \/><\/p>\n<p><!-- \/wp:paragraph --><\/p>\n<p><!-- wp:paragraph --><\/p>\n<p><strong>Tractament de dades de Menors d\u2019edat<\/strong><br \/>Qui facilita les dades a trav\u00e9s dels formularis d\u2019aquesta web i accepta el seu tractament declara ser major de 14 anys, quedant prohibit l\u2019acc\u00e9s i \u00fas del portal a menors d\u2019aquesta edat. Si en algun moment, el Responsable detecta que un menor de 14 anys ha proporcionat dades de car\u00e0cter personal, procedirem a la cancel\u00b7laci\u00f3 d\u2019aquestes. Aix\u00ed mateix, els pares o tutors podran en qualsevol cas dirigir-se a INSTITUT JAUME MIM\u00d3 per a bloquejar el compte d\u2019acc\u00e9s dels menors al seu c\u00e0rrec que s\u2019haguessin registrat falsejant la seva identitat.<br \/><br \/><\/p>\n<p><!-- \/wp:paragraph --><\/p>\n<p><!-- wp:paragraph --><\/p>\n<p><strong>Xarxes Socials<\/strong><br \/>L\u2019objecte de les eines com Facebook, Twitter, Instagram, etc. o altres xarxes socials \u00e9s donar visibilitat i difusi\u00f3 a les activitats que desenvolupa la nostra organitzaci\u00f3. Aquestes eines emmagatzenen dades personals en els servidors dels serveis respectius i es regeixen per la seva pr\u00f2pia pol\u00edtica de privacitat. Es recomana la revisi\u00f3 i la lectura de les condicions d\u2019\u00fas i pol\u00edtica de privacitat de la xarxa social en el moment de registrar-se, tenint en compte les diferents possibilitats de configuraci\u00f3 en relaci\u00f3 al grau de privacitat del perfil d\u2019usuari a la xarxa social.<\/p>\n<p><!-- \/wp:paragraph --><\/p>\n<p><!-- wp:paragraph --><\/p>\n<p>Aix\u00ed mateix, el Responsable es reserva el dret d\u2019eliminar de les seves xarxes socials qualsevol informaci\u00f3 publicada per tercers que vulneri la legalitat, inciti a fer-ho o contingui missatges que atemptin contra la dignitat de persones o institucions. Com tamb\u00e9 el dret a bloquejar o denunciar el perfil autor d\u2019aquests missatges.<br \/><br \/><\/p>\n<p><!-- \/wp:paragraph --><\/p>\n<p><!-- wp:paragraph --><\/p>\n<p><strong>Tractament de Cookies<\/strong><br \/>Una cookie \u00e9s un petit arxiu que es descarrega i emmagatzema en l\u2019ordinador de l\u2019usuari quan aquest accedeix a una p\u00e0gina web. Les cookies permeten a la web, entre altres coses, emmagatzemar i recuperar informaci\u00f3 sobre els h\u00e0bits de navegaci\u00f3 de l\u2019usuari o del seu equip i, depenent de la informaci\u00f3 que continguin i de la forma en qu\u00e8 utilitzi el seu equip, poden utilitzar-se per a recon\u00e8ixer a l\u2019usuari.<br \/>L\u2019usuari t\u00e9 l\u2019opci\u00f3 d\u2019impedir la generaci\u00f3 de cookies, mitjan\u00e7ant la selecci\u00f3 de la corresponent opci\u00f3 en el seu programa de navegador. Pot obtenir m\u00e9s informaci\u00f3 llegint la nostra <strong>Pol\u00edtica de Cookies<\/strong><strong>.<\/strong><\/p>\n<p><!-- \/wp:paragraph --><\/p>\n<p><!-- wp:paragraph --><\/p>\n<p><em><br \/>Data d\u2019Actualitzaci\u00f3: 23\/09\/2022<\/em><\/p>\n<p><!-- \/wp:paragraph --><\/p>\t\t\t\t\t\t<\/div>\n\t\t\t\t<\/div>\n\t\t\t\t\t<\/div>\n\t\t<\/div>\n\t\t\t\t\t<\/div>\n\t\t<\/section>\n\t\t\t\t<\/div>\n\t\t","protected":false},"excerpt":{"rendered":"<p>Responsable del TractamentL\u2019empresa responsable del tractament de les seves dades en virtut d\u2019aquesta Pol\u00edtica de privacitat \u00e9s: Institut Jaume Mim\u00f3 NIF: Q5855396G Domicili: C\/ Serra dels Galliners, s\/n, Cerdanyola del Vall\u00e8s, 08290Direcci\u00f3 de correu electr\u00f2nic: a8044715@xtec.catWeb: www.ciclesfp.catTel\u00e8fon: 93 580 39 94 En INSTITUT JAUME MIM\u00d3, reconeixem la import\u00e0ncia de protegir la seva informaci\u00f3 personal i estem compromesos a tractar-la amb&#8230;<\/p>\n","protected":false},"author":1,"featured_media":0,"parent":0,"menu_order":0,"comment_status":"closed","ping_status":"closed","template":"","meta":{"footnotes":""},"yoast_head":"<!-- This site is optimized with the Yoast SEO plugin v23.0 - https:\/\/yoast.com\/wordpress\/plugins\/seo\/ -->\n<title>Pol\u00edtica de PrivaciTAT Web - Institut Jaume Mim\u00f3 FP<\/title>\n<meta name=\"robots\" content=\"index, follow, max-snippet:-1, max-image-preview:large, max-video-preview:-1\" \/>\n<link rel=\"canonical\" href=\"https:\/\/www.ciclesfp.cat\/ca\/politica-de-privacitat-web\/\" \/>\n<meta property=\"og:locale\" content=\"ca_ES\" \/>\n<meta property=\"og:type\" content=\"article\" \/>\n<meta property=\"og:title\" content=\"Pol\u00edtica de PrivaciTAT Web - Institut Jaume Mim\u00f3 FP\" \/>\n<meta property=\"og:description\" content=\"Responsable del TractamentL\u2019empresa responsable del tractament de les seves dades en virtut d\u2019aquesta Pol\u00edtica de privacitat \u00e9s: Institut Jaume Mim\u00f3 NIF: Q5855396G Domicili: C\/ Serra dels Galliners, s\/n, Cerdanyola del Vall\u00e8s, 08290Direcci\u00f3 de correu electr\u00f2nic: a8044715@xtec.catWeb: www.ciclesfp.catTel\u00e8fon: 93 580 39 94 En INSTITUT JAUME MIM\u00d3, reconeixem la import\u00e0ncia de protegir la seva informaci\u00f3 personal i estem compromesos a tractar-la amb...\" \/>\n<meta property=\"og:url\" content=\"https:\/\/www.ciclesfp.cat\/ca\/politica-de-privacitat-web\/\" \/>\n<meta property=\"og:site_name\" content=\"Institut Jaume Mim\u00f3 FP\" \/>\n<meta property=\"article:modified_time\" content=\"2022-10-25T16:25:57+00:00\" \/>\n<meta name=\"twitter:card\" content=\"summary_large_image\" \/>\n<meta name=\"twitter:site\" content=\"@insjaumemimo\" \/>\n<meta name=\"twitter:label1\" content=\"Temps estimat de lectura\" \/>\n\t<meta name=\"twitter:data1\" content=\"7 minuts\" \/>\n<script type=\"application\/ld+json\" class=\"yoast-schema-graph\">{\"@context\":\"https:\/\/schema.org\",\"@graph\":[{\"@type\":\"WebPage\",\"@id\":\"https:\/\/www.ciclesfp.cat\/ca\/politica-de-privacitat-web\/\",\"url\":\"https:\/\/www.ciclesfp.cat\/ca\/politica-de-privacitat-web\/\",\"name\":\"Pol\u00edtica de PrivaciTAT Web - Institut Jaume Mim\u00f3 FP\",\"isPartOf\":{\"@id\":\"https:\/\/www.ciclesfp.cat\/ca\/#website\"},\"datePublished\":\"2022-10-25T16:22:34+00:00\",\"dateModified\":\"2022-10-25T16:25:57+00:00\",\"breadcrumb\":{\"@id\":\"https:\/\/www.ciclesfp.cat\/ca\/politica-de-privacitat-web\/#breadcrumb\"},\"inLanguage\":\"ca\",\"potentialAction\":[{\"@type\":\"ReadAction\",\"target\":[\"https:\/\/www.ciclesfp.cat\/ca\/politica-de-privacitat-web\/\"]}]},{\"@type\":\"BreadcrumbList\",\"@id\":\"https:\/\/www.ciclesfp.cat\/ca\/politica-de-privacitat-web\/#breadcrumb\",\"itemListElement\":[{\"@type\":\"ListItem\",\"position\":1,\"name\":\"Inici\",\"item\":\"https:\/\/www.ciclesfp.cat\/ca\/\"},{\"@type\":\"ListItem\",\"position\":2,\"name\":\"Pol\u00edtica de PrivaciTAT Web\"}]},{\"@type\":\"WebSite\",\"@id\":\"https:\/\/www.ciclesfp.cat\/ca\/#website\",\"url\":\"https:\/\/www.ciclesfp.cat\/ca\/\",\"name\":\"Institut Jaume Mim\u00f3 FP\",\"description\":\"Pensa. Actua. Transforma.\",\"publisher\":{\"@id\":\"https:\/\/www.ciclesfp.cat\/ca\/#organization\"},\"potentialAction\":[{\"@type\":\"SearchAction\",\"target\":{\"@type\":\"EntryPoint\",\"urlTemplate\":\"https:\/\/www.ciclesfp.cat\/ca\/?s={search_term_string}\"},\"query-input\":\"required name=search_term_string\"}],\"inLanguage\":\"ca\"},{\"@type\":\"Organization\",\"@id\":\"https:\/\/www.ciclesfp.cat\/ca\/#organization\",\"name\":\"INS Jaume Mim\u00f3\",\"url\":\"https:\/\/www.ciclesfp.cat\/ca\/\",\"logo\":{\"@type\":\"ImageObject\",\"inLanguage\":\"ca\",\"@id\":\"https:\/\/www.ciclesfp.cat\/ca\/#\/schema\/logo\/image\/\",\"url\":\"https:\/\/www.ciclesfp.cat\/wp-content\/uploads\/2019\/12\/logotip_del_centre-623x1024.png\",\"contentUrl\":\"https:\/\/www.ciclesfp.cat\/wp-content\/uploads\/2019\/12\/logotip_del_centre-623x1024.png\",\"width\":623,\"height\":1024,\"caption\":\"INS Jaume Mim\u00f3\"},\"image\":{\"@id\":\"https:\/\/www.ciclesfp.cat\/ca\/#\/schema\/logo\/image\/\"},\"sameAs\":[\"https:\/\/x.com\/insjaumemimo\",\"https:\/\/www.instagram.com\/insjaumemimo\/\",\"https:\/\/www.youtube.com\/channel\/UCOAhr11cd5pTqhuKCUnPrCQ\/feed?view_as=public\"]}]}<\/script>\n<!-- \/ Yoast SEO plugin. -->","yoast_head_json":{"title":"Pol\u00edtica de PrivaciTAT Web - Institut Jaume Mim\u00f3 FP","robots":{"index":"index","follow":"follow","max-snippet":"max-snippet:-1","max-image-preview":"max-image-preview:large","max-video-preview":"max-video-preview:-1"},"canonical":"https:\/\/www.ciclesfp.cat\/ca\/politica-de-privacitat-web\/","og_locale":"ca_ES","og_type":"article","og_title":"Pol\u00edtica de PrivaciTAT Web - Institut Jaume Mim\u00f3 FP","og_description":"Responsable del TractamentL\u2019empresa responsable del tractament de les seves dades en virtut d\u2019aquesta Pol\u00edtica de privacitat \u00e9s: Institut Jaume Mim\u00f3 NIF: Q5855396G Domicili: C\/ Serra dels Galliners, s\/n, Cerdanyola del Vall\u00e8s, 08290Direcci\u00f3 de correu electr\u00f2nic: a8044715@xtec.catWeb: www.ciclesfp.catTel\u00e8fon: 93 580 39 94 En INSTITUT JAUME MIM\u00d3, reconeixem la import\u00e0ncia de protegir la seva informaci\u00f3 personal i estem compromesos a tractar-la amb...","og_url":"https:\/\/www.ciclesfp.cat\/ca\/politica-de-privacitat-web\/","og_site_name":"Institut Jaume Mim\u00f3 FP","article_modified_time":"2022-10-25T16:25:57+00:00","twitter_card":"summary_large_image","twitter_site":"@insjaumemimo","twitter_misc":{"Temps estimat de lectura":"7 minuts"},"schema":{"@context":"https:\/\/schema.org","@graph":[{"@type":"WebPage","@id":"https:\/\/www.ciclesfp.cat\/ca\/politica-de-privacitat-web\/","url":"https:\/\/www.ciclesfp.cat\/ca\/politica-de-privacitat-web\/","name":"Pol\u00edtica de PrivaciTAT Web - Institut Jaume Mim\u00f3 FP","isPartOf":{"@id":"https:\/\/www.ciclesfp.cat\/ca\/#website"},"datePublished":"2022-10-25T16:22:34+00:00","dateModified":"2022-10-25T16:25:57+00:00","breadcrumb":{"@id":"https:\/\/www.ciclesfp.cat\/ca\/politica-de-privacitat-web\/#breadcrumb"},"inLanguage":"ca","potentialAction":[{"@type":"ReadAction","target":["https:\/\/www.ciclesfp.cat\/ca\/politica-de-privacitat-web\/"]}]},{"@type":"BreadcrumbList","@id":"https:\/\/www.ciclesfp.cat\/ca\/politica-de-privacitat-web\/#breadcrumb","itemListElement":[{"@type":"ListItem","position":1,"name":"Inici","item":"https:\/\/www.ciclesfp.cat\/ca\/"},{"@type":"ListItem","position":2,"name":"Pol\u00edtica de PrivaciTAT Web"}]},{"@type":"WebSite","@id":"https:\/\/www.ciclesfp.cat\/ca\/#website","url":"https:\/\/www.ciclesfp.cat\/ca\/","name":"Institut Jaume Mim\u00f3 FP","description":"Pensa. Actua. Transforma.","publisher":{"@id":"https:\/\/www.ciclesfp.cat\/ca\/#organization"},"potentialAction":[{"@type":"SearchAction","target":{"@type":"EntryPoint","urlTemplate":"https:\/\/www.ciclesfp.cat\/ca\/?s={search_term_string}"},"query-input":"required name=search_term_string"}],"inLanguage":"ca"},{"@type":"Organization","@id":"https:\/\/www.ciclesfp.cat\/ca\/#organization","name":"INS Jaume Mim\u00f3","url":"https:\/\/www.ciclesfp.cat\/ca\/","logo":{"@type":"ImageObject","inLanguage":"ca","@id":"https:\/\/www.ciclesfp.cat\/ca\/#\/schema\/logo\/image\/","url":"https:\/\/www.ciclesfp.cat\/wp-content\/uploads\/2019\/12\/logotip_del_centre-623x1024.png","contentUrl":"https:\/\/www.ciclesfp.cat\/wp-content\/uploads\/2019\/12\/logotip_del_centre-623x1024.png","width":623,"height":1024,"caption":"INS Jaume Mim\u00f3"},"image":{"@id":"https:\/\/www.ciclesfp.cat\/ca\/#\/schema\/logo\/image\/"},"sameAs":["https:\/\/x.com\/insjaumemimo","https:\/\/www.instagram.com\/insjaumemimo\/","https:\/\/www.youtube.com\/channel\/UCOAhr11cd5pTqhuKCUnPrCQ\/feed?view_as=public"]}]}},"_links":{"self":[{"href":"https:\/\/www.ciclesfp.cat\/ca\/wp-json\/wp\/v2\/pages\/4723"}],"collection":[{"href":"https:\/\/www.ciclesfp.cat\/ca\/wp-json\/wp\/v2\/pages"}],"about":[{"href":"https:\/\/www.ciclesfp.cat\/ca\/wp-json\/wp\/v2\/types\/page"}],"author":[{"embeddable":true,"href":"https:\/\/www.ciclesfp.cat\/ca\/wp-json\/wp\/v2\/users\/1"}],"replies":[{"embeddable":true,"href":"https:\/\/www.ciclesfp.cat\/ca\/wp-json\/wp\/v2\/comments?post=4723"}],"version-history":[{"count":7,"href":"https:\/\/www.ciclesfp.cat\/ca\/wp-json\/wp\/v2\/pages\/4723\/revisions"}],"predecessor-version":[{"id":4730,"href":"https:\/\/www.ciclesfp.cat\/ca\/wp-json\/wp\/v2\/pages\/4723\/revisions\/4730"}],"wp:attachment":[{"href":"https:\/\/www.ciclesfp.cat\/ca\/wp-json\/wp\/v2\/media?parent=4723"}],"curies":[{"name":"wp","href":"https:\/\/api.w.org\/{rel}","templated":true}]}}